{"id":1210,"date":"2020-09-15T06:48:29","date_gmt":"2020-09-15T06:48:29","guid":{"rendered":"http:\/\/chainetimer.gearhostpreview.com\/about\/"},"modified":"2022-12-07T12:29:01","modified_gmt":"2022-12-07T12:29:01","slug":"about","status":"publish","type":"page","link":"https:\/\/labuckland.ca\/en\/about\/","title":{"rendered":"\u00c0 Propos"},"content":{"rendered":"\n<div class=\"wp-block-cover alignfull is-light\" style=\"min-height:221px;aspect-ratio:unset;\"><span aria-hidden=\"true\" class=\"wp-block-cover__background has-background-dim\" style=\"background-color:#000000\"><\/span><img data-recalc-dims=\"1\" decoding=\"async\" class=\"wp-block-cover__image-background wp-image-62\" alt=\"\" src=\"https:\/\/i0.wp.com\/chainetimer.gearhostpreview.com\/wp-content\/uploads\/2020\/09\/about-bg-5.jpg\" data-object-fit=\"cover\"\/><div class=\"wp-block-cover__inner-container is-layout-flow wp-block-cover-is-layout-flow\">\n<h1 class=\"has-text-align-center has-text-color wp-block-heading\" id=\"qui-sommes-nous\" style=\"color:#ffffff\">\u00c0 propos de CX418<\/h1>\n<\/div><\/div>\n\n\n\n<div class=\"inherit-container-width wp-block-group alignfull has-white-background-color has-background is-layout-constrained wp-block-group-is-layout-constrained\"><div class=\"wp-block-group__inner-container\">\n<div class=\"wp-block-media-text has-media-on-the-right is-stacked-on-mobile is-vertically-aligned-center alignwide\" style=\"grid-template-columns:auto 44%\"><div class=\"wp-block-media-text__content\">\n<h2 class=\"wp-block-heading\" id=\"notre-mission\">Notre misison<\/h2>\n\n\n\n<p>La mission du regroupement CX418, un organisme \u00e0 but non lucratif,  reste \u00e0 promouvoir, d\u00e9velopper et soutenir le le v\u00e9lo hors route dans la grande r\u00e9gion de Qu\u00e9bec. CX418 promeut une vision du d\u00e9veloppement du sport sous la forme de l&#8217;apprentissage du sport pour les jeunes et initi\u00e9s. <\/p>\n<\/div><figure class=\"wp-block-media-text__media\"><img data-recalc-dims=\"1\" decoding=\"async\" src=\"https:\/\/i0.wp.com\/chainetimer.gearhostpreview.com\/wp-content\/uploads\/2020\/09\/mission-2.jpg\" alt=\"\" class=\"wp-image-63 size-full\"\/><\/figure><\/div>\n<\/div><\/div>\n\n\n\n<div class=\"inherit-container-width wp-block-group alignfull has-ast-global-color-4-background-color has-background is-layout-constrained wp-block-group-is-layout-constrained\"><div class=\"wp-block-group__inner-container\">\n<div class=\"wp-block-columns alignwide is-layout-flex wp-container-core-columns-is-layout-28f84493 wp-block-columns-is-layout-flex\">\n<div class=\"wp-block-column is-layout-flow wp-block-column-is-layout-flow\">\n<h4 class=\"wp-block-heading\" id=\"les-autre-projets-du-groupe-cx418\">Les autre projets du groupe CX418<\/h4>\n\n\n\n<p>Le regroupement CX418, un organisme \u00e0 but non lucratif, c&#8217;est donn\u00e9 comme objectif de:<\/p>\n\n\n\n<ul class=\"wp-block-list\">\n<li>Promouvoir le sport de cyclocross dans la r\u00e9gion de la Capitale Nationale.<\/li>\n\n\n\n<li>Promouvoir la r\u00e9gion de Bellechasse-Etchemin comme paradis de la gravelle<\/li>\n\n\n\n<li>Cr\u00e9er un circuit r\u00e9gionale de cyclocross (ce que nous avons depuis 5 ans \u00e0 L\u00e9vis)<\/li>\n<\/ul>\n\n\n\n<h4 class=\"wp-block-heading\" id=\"prochains-projets\">Prochains projets<\/h4>\n\n\n\n<p><\/p>\n\n\n\n<ul class=\"wp-block-list\">\n<li>Organiser les Championnats Canadiens de cyclocross<\/li>\n\n\n\n<li>Organiser les Championnats Canadiens de gravelle<\/li>\n\n\n\n<li>Rendre disponible une flotte de v\u00e9los aux jeunes de cyclocross de la r\u00e9gion<\/li>\n<\/ul>\n<\/div>\n\n\n\n<div class=\"wp-block-column is-layout-flow wp-block-column-is-layout-flow\">\n<h4 class=\"wp-block-heading\" id=\"l-equipe\">L&#8217;\u00e9quipe<\/h4>\n\n\n\n<figure class=\"wp-block-image size-full\"><img data-recalc-dims=\"1\" loading=\"lazy\" decoding=\"async\" width=\"498\" height=\"309\" src=\"https:\/\/i0.wp.com\/cx418.org\/labuckland\/wp-content\/uploads\/2022\/12\/organisateurs.jpg?resize=498%2C309&#038;ssl=1\" alt=\"\" class=\"wp-image-1367\" srcset=\"https:\/\/i0.wp.com\/labuckland.ca\/wp-content\/uploads\/2022\/12\/organisateurs.jpg?w=498&amp;ssl=1 498w, https:\/\/i0.wp.com\/labuckland.ca\/wp-content\/uploads\/2022\/12\/organisateurs.jpg?resize=300%2C186&amp;ssl=1 300w\" sizes=\"auto, (max-width: 498px) 100vw, 498px\" \/><\/figure>\n\n\n\n<p>De gauche \u00e0 droite<br><strong>Eric Blais<\/strong><br><strong>\u00c9ric H\u00e9bert<br>J\u00e9rome Larivi\u00e8re<\/strong><br><strong>Christian Gosselin<\/strong> (Nous allons devoir changer l&#8217;image car non pr\u00e9sent dans l&#8217;image)<\/p>\n<\/div>\n<\/div>\n<\/div><\/div>\n\n\n\n<p><\/p>\n","protected":false},"excerpt":{"rendered":"<p>Notre misison La mission du regroupement CX418, un organisme \u00e0 but non lucratif, reste \u00e0 promouvoir, d\u00e9velopper et soutenir le le v\u00e9lo hors route dans la grande r\u00e9gion de Qu\u00e9bec. CX418 promeut une vision du d\u00e9veloppement du sport sous la forme de l&#8217;apprentissage du sport pour les jeunes et initi\u00e9s. Les autre projets du groupe [&hellip;]<\/p>\n","protected":false},"author":1,"featured_media":1367,"parent":0,"menu_order":0,"comment_status":"closed","ping_status":"closed","template":"","meta":{"nf_dc_page":"","_uag_custom_page_level_css":"","site-sidebar-layout":"no-sidebar","site-content-layout":"plain-container","ast-site-content-layout":"default","site-content-style":"default","site-sidebar-style":"default","ast-global-header-display":"","ast-banner-title-visibility":"","ast-main-header-display":"","ast-hfb-above-header-display":"","ast-hfb-below-header-display":"","ast-hfb-mobile-header-display":"","site-post-title":"disabled","ast-breadcrumbs-content":"","ast-featured-img":"disabled","footer-sml-layout":"","ast-disable-related-posts":"","theme-transparent-header-meta":"enabled","adv-header-id-meta":"","stick-header-meta":"","header-above-stick-meta":"","header-main-stick-meta":"","header-below-stick-meta":"","astra-migrate-meta-layouts":"default","ast-page-background-enabled":"default","ast-page-background-meta":{"desktop":{"background-color":"","background-image":"","background-repeat":"repeat","background-position":"center center","background-size":"auto","background-attachment":"scroll","background-type":"","background-media":"","overlay-type":"","overlay-color":"","overlay-opacity":"","overlay-gradient":""},"tablet":{"background-color":"","background-image":"","background-repeat":"repeat","background-position":"center center","background-size":"auto","background-attachment":"scroll","background-type":"","background-media":"","overlay-type":"","overlay-color":"","overlay-opacity":"","overlay-gradient":""},"mobile":{"background-color":"","background-image":"","background-repeat":"repeat","background-position":"center center","background-size":"auto","background-attachment":"scroll","background-type":"","background-media":"","overlay-type":"","overlay-color":"","overlay-opacity":"","overlay-gradient":""}},"ast-content-background-meta":{"desktop":{"background-color":"var(--ast-global-color-5)","background-image":"","background-repeat":"repeat","background-position":"center center","background-size":"auto","background-attachment":"scroll","background-type":"","background-media":"","overlay-type":"","overlay-color":"","overlay-opacity":"","overlay-gradient":""},"tablet":{"background-color":"var(--ast-global-color-5)","background-image":"","background-repeat":"repeat","background-position":"center center","background-size":"auto","background-attachment":"scroll","background-type":"","background-media":"","overlay-type":"","overlay-color":"","overlay-opacity":"","overlay-gradient":""},"mobile":{"background-color":"var(--ast-global-color-5)","background-image":"","background-repeat":"repeat","background-position":"center center","background-size":"auto","background-attachment":"scroll","background-type":"","background-media":"","overlay-type":"","overlay-color":"","overlay-opacity":"","overlay-gradient":""}},"footnotes":""},"class_list":["post-1210","page","type-page","status-publish","has-post-thumbnail","hentry"],"yoast_head":"<!-- This site is optimized with the Yoast SEO plugin v27.4 - https:\/\/yoast.com\/product\/yoast-seo-wordpress\/ -->\n<title>\u00c0 Propos - La Buckland sur Gravelle<\/title>\n<meta name=\"robots\" content=\"index, follow, max-snippet:-1, max-image-preview:large, max-video-preview:-1\" \/>\n<link rel=\"canonical\" href=\"https:\/\/labuckland.ca\/about\/\" \/>\n<meta property=\"og:locale\" content=\"en_US\" \/>\n<meta property=\"og:type\" content=\"article\" \/>\n<meta property=\"og:title\" content=\"\u00c0 Propos - La Buckland sur Gravelle\" \/>\n<meta property=\"og:description\" content=\"Notre misison La mission du regroupement CX418, un organisme \u00e0 but non lucratif, reste \u00e0 promouvoir, d\u00e9velopper et soutenir le le v\u00e9lo hors route dans la grande r\u00e9gion de Qu\u00e9bec. CX418 promeut une vision du d\u00e9veloppement du sport sous la forme de l&#8217;apprentissage du sport pour les jeunes et initi\u00e9s. Les autre projets du groupe [&hellip;]\" \/>\n<meta property=\"og:url\" content=\"https:\/\/labuckland.ca\/about\/\" \/>\n<meta property=\"og:site_name\" content=\"La Buckland sur Gravelle\" \/>\n<meta property=\"article:modified_time\" content=\"2022-12-07T12:29:01+00:00\" \/>\n<meta property=\"og:image\" content=\"https:\/\/i0.wp.com\/labuckland.ca\/wp-content\/uploads\/2022\/12\/organisateurs.jpg?fit=498%2C309&ssl=1\" \/>\n\t<meta property=\"og:image:width\" content=\"498\" \/>\n\t<meta property=\"og:image:height\" content=\"309\" \/>\n\t<meta property=\"og:image:type\" content=\"image\/jpeg\" \/>\n<meta name=\"twitter:card\" content=\"summary_large_image\" \/>\n<meta name=\"twitter:label1\" content=\"Est. reading time\" \/>\n\t<meta name=\"twitter:data1\" content=\"2 minutes\" \/>\n<script type=\"application\/ld+json\" class=\"yoast-schema-graph\">{\"@context\":\"https:\\\/\\\/schema.org\",\"@graph\":[{\"@type\":\"WebPage\",\"@id\":\"https:\\\/\\\/labuckland.ca\\\/about\\\/\",\"url\":\"https:\\\/\\\/labuckland.ca\\\/about\\\/\",\"name\":\"\u00c0 Propos - La Buckland sur Gravelle\",\"isPartOf\":{\"@id\":\"https:\\\/\\\/labuckland.ca\\\/#website\"},\"primaryImageOfPage\":{\"@id\":\"https:\\\/\\\/labuckland.ca\\\/about\\\/#primaryimage\"},\"image\":{\"@id\":\"https:\\\/\\\/labuckland.ca\\\/about\\\/#primaryimage\"},\"thumbnailUrl\":\"https:\\\/\\\/i0.wp.com\\\/labuckland.ca\\\/wp-content\\\/uploads\\\/2022\\\/12\\\/organisateurs.jpg?fit=498%2C309&ssl=1\",\"datePublished\":\"2020-09-15T06:48:29+00:00\",\"dateModified\":\"2022-12-07T12:29:01+00:00\",\"breadcrumb\":{\"@id\":\"https:\\\/\\\/labuckland.ca\\\/about\\\/#breadcrumb\"},\"inLanguage\":\"en-US\",\"potentialAction\":[{\"@type\":\"ReadAction\",\"target\":[\"https:\\\/\\\/labuckland.ca\\\/about\\\/\"]}]},{\"@type\":\"ImageObject\",\"inLanguage\":\"en-US\",\"@id\":\"https:\\\/\\\/labuckland.ca\\\/about\\\/#primaryimage\",\"url\":\"https:\\\/\\\/i0.wp.com\\\/labuckland.ca\\\/wp-content\\\/uploads\\\/2022\\\/12\\\/organisateurs.jpg?fit=498%2C309&ssl=1\",\"contentUrl\":\"https:\\\/\\\/i0.wp.com\\\/labuckland.ca\\\/wp-content\\\/uploads\\\/2022\\\/12\\\/organisateurs.jpg?fit=498%2C309&ssl=1\",\"width\":498,\"height\":309},{\"@type\":\"BreadcrumbList\",\"@id\":\"https:\\\/\\\/labuckland.ca\\\/about\\\/#breadcrumb\",\"itemListElement\":[{\"@type\":\"ListItem\",\"position\":1,\"name\":\"Home\",\"item\":\"https:\\\/\\\/labuckland.ca\\\/en\\\/\"},{\"@type\":\"ListItem\",\"position\":2,\"name\":\"\u00c0 Propos\"}]},{\"@type\":\"WebSite\",\"@id\":\"https:\\\/\\\/labuckland.ca\\\/#website\",\"url\":\"https:\\\/\\\/labuckland.ca\\\/\",\"name\":\"La Buckland sur Gravelle\",\"description\":\"Un d\u00e9fi pour tous, une exp\u00e9rience pour tous\",\"publisher\":{\"@id\":\"https:\\\/\\\/labuckland.ca\\\/#organization\"},\"potentialAction\":[{\"@type\":\"SearchAction\",\"target\":{\"@type\":\"EntryPoint\",\"urlTemplate\":\"https:\\\/\\\/labuckland.ca\\\/?s={search_term_string}\"},\"query-input\":{\"@type\":\"PropertyValueSpecification\",\"valueRequired\":true,\"valueName\":\"search_term_string\"}}],\"inLanguage\":\"en-US\"},{\"@type\":\"Organization\",\"@id\":\"https:\\\/\\\/labuckland.ca\\\/#organization\",\"name\":\"La Buckland sur Gravelle\",\"url\":\"https:\\\/\\\/labuckland.ca\\\/\",\"logo\":{\"@type\":\"ImageObject\",\"inLanguage\":\"en-US\",\"@id\":\"https:\\\/\\\/labuckland.ca\\\/#\\\/schema\\\/logo\\\/image\\\/\",\"url\":\"https:\\\/\\\/i0.wp.com\\\/labuckland.ca\\\/wp-content\\\/uploads\\\/2024\\\/01\\\/cropped-Nouveau_logo_Buckland_sans_fond_Plan-de-travail-1-01.png?fit=1800%2C1200&ssl=1\",\"contentUrl\":\"https:\\\/\\\/i0.wp.com\\\/labuckland.ca\\\/wp-content\\\/uploads\\\/2024\\\/01\\\/cropped-Nouveau_logo_Buckland_sans_fond_Plan-de-travail-1-01.png?fit=1800%2C1200&ssl=1\",\"width\":1800,\"height\":1200,\"caption\":\"La Buckland sur Gravelle\"},\"image\":{\"@id\":\"https:\\\/\\\/labuckland.ca\\\/#\\\/schema\\\/logo\\\/image\\\/\"}}]}<\/script>\n<!-- \/ Yoast SEO plugin. -->","yoast_head_json":{"title":"\u00c0 Propos - La Buckland sur Gravelle","robots":{"index":"index","follow":"follow","max-snippet":"max-snippet:-1","max-image-preview":"max-image-preview:large","max-video-preview":"max-video-preview:-1"},"canonical":"https:\/\/labuckland.ca\/about\/","og_locale":"en_US","og_type":"article","og_title":"\u00c0 Propos - La Buckland sur Gravelle","og_description":"Notre misison La mission du regroupement CX418, un organisme \u00e0 but non lucratif, reste \u00e0 promouvoir, d\u00e9velopper et soutenir le le v\u00e9lo hors route dans la grande r\u00e9gion de Qu\u00e9bec. CX418 promeut une vision du d\u00e9veloppement du sport sous la forme de l&#8217;apprentissage du sport pour les jeunes et initi\u00e9s. Les autre projets du groupe [&hellip;]","og_url":"https:\/\/labuckland.ca\/about\/","og_site_name":"La Buckland sur Gravelle","article_modified_time":"2022-12-07T12:29:01+00:00","og_image":[{"width":498,"height":309,"url":"https:\/\/i0.wp.com\/labuckland.ca\/wp-content\/uploads\/2022\/12\/organisateurs.jpg?fit=498%2C309&ssl=1","type":"image\/jpeg"}],"twitter_card":"summary_large_image","twitter_misc":{"Est. reading time":"2 minutes"},"schema":{"@context":"https:\/\/schema.org","@graph":[{"@type":"WebPage","@id":"https:\/\/labuckland.ca\/about\/","url":"https:\/\/labuckland.ca\/about\/","name":"\u00c0 Propos - La Buckland sur Gravelle","isPartOf":{"@id":"https:\/\/labuckland.ca\/#website"},"primaryImageOfPage":{"@id":"https:\/\/labuckland.ca\/about\/#primaryimage"},"image":{"@id":"https:\/\/labuckland.ca\/about\/#primaryimage"},"thumbnailUrl":"https:\/\/i0.wp.com\/labuckland.ca\/wp-content\/uploads\/2022\/12\/organisateurs.jpg?fit=498%2C309&ssl=1","datePublished":"2020-09-15T06:48:29+00:00","dateModified":"2022-12-07T12:29:01+00:00","breadcrumb":{"@id":"https:\/\/labuckland.ca\/about\/#breadcrumb"},"inLanguage":"en-US","potentialAction":[{"@type":"ReadAction","target":["https:\/\/labuckland.ca\/about\/"]}]},{"@type":"ImageObject","inLanguage":"en-US","@id":"https:\/\/labuckland.ca\/about\/#primaryimage","url":"https:\/\/i0.wp.com\/labuckland.ca\/wp-content\/uploads\/2022\/12\/organisateurs.jpg?fit=498%2C309&ssl=1","contentUrl":"https:\/\/i0.wp.com\/labuckland.ca\/wp-content\/uploads\/2022\/12\/organisateurs.jpg?fit=498%2C309&ssl=1","width":498,"height":309},{"@type":"BreadcrumbList","@id":"https:\/\/labuckland.ca\/about\/#breadcrumb","itemListElement":[{"@type":"ListItem","position":1,"name":"Home","item":"https:\/\/labuckland.ca\/en\/"},{"@type":"ListItem","position":2,"name":"\u00c0 Propos"}]},{"@type":"WebSite","@id":"https:\/\/labuckland.ca\/#website","url":"https:\/\/labuckland.ca\/","name":"La Buckland sur Gravelle","description":"Un d\u00e9fi pour tous, une exp\u00e9rience pour tous","publisher":{"@id":"https:\/\/labuckland.ca\/#organization"},"potentialAction":[{"@type":"SearchAction","target":{"@type":"EntryPoint","urlTemplate":"https:\/\/labuckland.ca\/?s={search_term_string}"},"query-input":{"@type":"PropertyValueSpecification","valueRequired":true,"valueName":"search_term_string"}}],"inLanguage":"en-US"},{"@type":"Organization","@id":"https:\/\/labuckland.ca\/#organization","name":"La Buckland sur Gravelle","url":"https:\/\/labuckland.ca\/","logo":{"@type":"ImageObject","inLanguage":"en-US","@id":"https:\/\/labuckland.ca\/#\/schema\/logo\/image\/","url":"https:\/\/i0.wp.com\/labuckland.ca\/wp-content\/uploads\/2024\/01\/cropped-Nouveau_logo_Buckland_sans_fond_Plan-de-travail-1-01.png?fit=1800%2C1200&ssl=1","contentUrl":"https:\/\/i0.wp.com\/labuckland.ca\/wp-content\/uploads\/2024\/01\/cropped-Nouveau_logo_Buckland_sans_fond_Plan-de-travail-1-01.png?fit=1800%2C1200&ssl=1","width":1800,"height":1200,"caption":"La Buckland sur Gravelle"},"image":{"@id":"https:\/\/labuckland.ca\/#\/schema\/logo\/image\/"}}]}},"uagb_featured_image_src":{"full":["https:\/\/i0.wp.com\/labuckland.ca\/wp-content\/uploads\/2022\/12\/organisateurs.jpg?fit=498%2C309&ssl=1",498,309,false],"thumbnail":["https:\/\/i0.wp.com\/labuckland.ca\/wp-content\/uploads\/2022\/12\/organisateurs.jpg?resize=150%2C150&ssl=1",150,150,true],"medium":["https:\/\/i0.wp.com\/labuckland.ca\/wp-content\/uploads\/2022\/12\/organisateurs.jpg?fit=300%2C186&ssl=1",300,186,true],"medium_large":["https:\/\/i0.wp.com\/labuckland.ca\/wp-content\/uploads\/2022\/12\/organisateurs.jpg?fit=498%2C309&ssl=1",498,309,true],"large":["https:\/\/i0.wp.com\/labuckland.ca\/wp-content\/uploads\/2022\/12\/organisateurs.jpg?fit=498%2C309&ssl=1",498,309,true],"1536x1536":["https:\/\/i0.wp.com\/labuckland.ca\/wp-content\/uploads\/2022\/12\/organisateurs.jpg?fit=498%2C309&ssl=1",498,309,true],"2048x2048":["https:\/\/i0.wp.com\/labuckland.ca\/wp-content\/uploads\/2022\/12\/organisateurs.jpg?fit=498%2C309&ssl=1",498,309,true]},"uagb_author_info":{"display_name":"blaireau47","author_link":"https:\/\/labuckland.ca\/en\/author\/blaireau47\/"},"uagb_comment_info":0,"uagb_excerpt":"Notre misison La mission du regroupement CX418, un organisme \u00e0 but non lucratif, reste \u00e0 promouvoir, d\u00e9velopper et soutenir le le v\u00e9lo hors route dans la grande r\u00e9gion de Qu\u00e9bec. CX418 promeut une vision du d\u00e9veloppement du sport sous la forme de l&#8217;apprentissage du sport pour les jeunes et initi\u00e9s. Les autre projets du groupe&hellip;","jetpack_sharing_enabled":true,"_links":{"self":[{"href":"https:\/\/labuckland.ca\/en\/wp-json\/wp\/v2\/pages\/1210","targetHints":{"allow":["GET"]}}],"collection":[{"href":"https:\/\/labuckland.ca\/en\/wp-json\/wp\/v2\/pages"}],"about":[{"href":"https:\/\/labuckland.ca\/en\/wp-json\/wp\/v2\/types\/page"}],"author":[{"embeddable":true,"href":"https:\/\/labuckland.ca\/en\/wp-json\/wp\/v2\/users\/1"}],"replies":[{"embeddable":true,"href":"https:\/\/labuckland.ca\/en\/wp-json\/wp\/v2\/comments?post=1210"}],"version-history":[{"count":3,"href":"https:\/\/labuckland.ca\/en\/wp-json\/wp\/v2\/pages\/1210\/revisions"}],"predecessor-version":[{"id":1369,"href":"https:\/\/labuckland.ca\/en\/wp-json\/wp\/v2\/pages\/1210\/revisions\/1369"}],"wp:featuredmedia":[{"embeddable":true,"href":"https:\/\/labuckland.ca\/en\/wp-json\/wp\/v2\/media\/1367"}],"wp:attachment":[{"href":"https:\/\/labuckland.ca\/en\/wp-json\/wp\/v2\/media?parent=1210"}],"curies":[{"name":"wp","href":"https:\/\/api.w.org\/{rel}","templated":true}]}}